{"id":11,"date":"2024-08-23T08:56:42","date_gmt":"2024-08-23T08:56:42","guid":{"rendered":"https:\/\/paula-guerrero.es\/?page_id=11"},"modified":"2024-08-30T09:00:31","modified_gmt":"2024-08-30T09:00:31","slug":"sobre-mi","status":"publish","type":"page","link":"http:\/\/paula-guerrero.es\/index.php\/sobre-mi\/","title":{"rendered":"Acerca de"},"content":{"rendered":"\n<div class=\"wp-block-cover alignfull\" style=\"min-height:320px;aspect-ratio:unset;\"><span aria-hidden=\"true\" class=\"wp-block-cover__background has-nv-site-bg-background-color has-background-dim-100 has-background-dim\"><\/span><div class=\"wp-block-cover__inner-container is-layout-flow wp-block-cover-is-layout-flow\">\n<div class=\"wp-block-group\" style=\"padding-right:var(--wp--preset--spacing--30);padding-left:var(--wp--preset--spacing--30)\"><div class=\"wp-block-group__inner-container is-layout-flow wp-block-group-is-layout-flow\">\n<h1 class=\"wp-block-heading has-text-align-left has-neve-text-color-color has-text-color\">Quiero que me conozcas<\/h1>\n<\/div><\/div>\n<\/div><\/div>\n\n\n\n<div class=\"wp-block-cover alignfull\" style=\"min-height:600px;aspect-ratio:unset;\"><span aria-hidden=\"true\" class=\"wp-block-cover__background has-nv-light-bg-background-color has-background-dim-100 has-background-dim\"><\/span><div class=\"wp-block-cover__inner-container is-layout-flow wp-block-cover-is-layout-flow\">\n<div class=\"wp-block-group\"><div class=\"wp-block-group__inner-container is-layout-flow wp-block-group-is-layout-flow\">\n<div style=\"height:80px\" aria-hidden=\"true\" class=\"wp-block-spacer\"><\/div>\n\n\n\n<div class=\"wp-block-columns are-vertically-aligned-center has-neve-text-color-color has-text-color is-layout-flex wp-container-core-columns-is-layout-9d6595d7 wp-block-columns-is-layout-flex\">\n<div class=\"wp-block-column is-vertically-aligned-center is-layout-flow wp-block-column-is-layout-flow\" style=\"padding-right:var(--wp--preset--spacing--30);padding-left:var(--wp--preset--spacing--30);flex-basis:50%\">\n<figure class=\"wp-block-image size-full has-custom-border\"><img loading=\"lazy\" decoding=\"async\" width=\"1536\" height=\"2048\" src=\"https:\/\/paula-guerrero.es\/wp-content\/uploads\/2024\/08\/Imagen-de-WhatsApp-2024-08-23-a-las-13.09.04_06b51a78.jpg\" alt=\"\" class=\"wp-image-61\" style=\"border-radius:16px\" srcset=\"http:\/\/paula-guerrero.es\/wp-content\/uploads\/2024\/08\/Imagen-de-WhatsApp-2024-08-23-a-las-13.09.04_06b51a78.jpg 1536w, http:\/\/paula-guerrero.es\/wp-content\/uploads\/2024\/08\/Imagen-de-WhatsApp-2024-08-23-a-las-13.09.04_06b51a78-225x300.jpg 225w, http:\/\/paula-guerrero.es\/wp-content\/uploads\/2024\/08\/Imagen-de-WhatsApp-2024-08-23-a-las-13.09.04_06b51a78-768x1024.jpg 768w, http:\/\/paula-guerrero.es\/wp-content\/uploads\/2024\/08\/Imagen-de-WhatsApp-2024-08-23-a-las-13.09.04_06b51a78-1152x1536.jpg 1152w\" sizes=\"auto, (max-width: 1536px) 100vw, 1536px\" \/><\/figure>\n<\/div>\n\n\n\n<div class=\"wp-block-column is-vertically-aligned-center is-layout-flow wp-block-column-is-layout-flow\" style=\"padding-top:0;padding-right:var(--wp--preset--spacing--30);padding-bottom:0;padding-left:var(--wp--preset--spacing--30);flex-basis:50%\">\n<p class=\"has-neve-text-color-color has-text-color\">Si voy a ser parte de tu historia, es justo que t\u00fa sepas la m\u00eda.<\/p>\n\n\n\n<p>Oficialmente, soy Graduada en Periodismo y Comunicaci\u00f3n Audiovisual.<\/p>\n\n\n\n<p>En realidad, soy alguien a quien le encanta <strong>crear y contar historias<\/strong> para acercar una realidad a quien quiera conocerla. <\/p>\n\n\n\n<p>Me ves con jersey porque vivo en <strong>Le\u00f3n<\/strong>. De hecho, trabajo todo el a\u00f1o desde la tierrina, a la que te invito a conocer (da igual en qu\u00e9 \u00e9poca leas esto, Le\u00f3n siempre merece la pena).<\/p>\n\n\n\n<p>Hasta 2021, trabajaba en una gran agencia de comunicaci\u00f3n de la que guardo buenos recuerdos y mejores amistades. Pero necesitaba algo m\u00e1s.<\/p>\n\n\n\n<p>Por eso, decid\u00ed emprender como <strong>freelance <\/strong>para poder dedicarme a lo que yo quer\u00eda, y como yo quer\u00eda hacerlo. <\/p>\n\n\n\n<p>Hoy, est\u00e1s leyendo esto, lo que significa que (afortunadamente) lo sigo haciendo.<\/p>\n\n\n\n<p>\u00bfPor qu\u00e9 te cuento todo esto tan personal que no tiene nada que ver con el objetivo de entrar en mi web? <\/p>\n\n\n\n<p>Porque soy de las que piensa que, si vamos a trabajar juntos mucho tiempo, es importante que me conozcas y sepas qui\u00e9n est\u00e1 al otro lado de la pantalla. <\/p>\n<\/div>\n<\/div>\n\n\n\n<div style=\"height:40px\" aria-hidden=\"true\" class=\"wp-block-spacer\"><\/div>\n<\/div><\/div>\n<\/div><\/div>\n\n\n\n<div class=\"wp-block-cover alignfull\" style=\"min-height:600px;aspect-ratio:unset;\"><span aria-hidden=\"true\" class=\"wp-block-cover__background has-nv-dark-bg-background-color has-background-dim-100 has-background-dim\"><\/span><div class=\"wp-block-cover__inner-container is-layout-flow wp-block-cover-is-layout-flow\">\n<div class=\"wp-block-group\"><div class=\"wp-block-group__inner-container is-layout-flow wp-block-group-is-layout-flow\">\n<div style=\"height:80px\" aria-hidden=\"true\" class=\"wp-block-spacer\"><\/div>\n\n\n\n<div class=\"wp-block-columns are-vertically-aligned-center is-layout-flex wp-container-core-columns-is-layout-9d6595d7 wp-block-columns-is-layout-flex\">\n<div class=\"wp-block-column is-vertically-aligned-center is-layout-flow wp-block-column-is-layout-flow\" style=\"padding-right:var(--wp--preset--spacing--30);padding-left:var(--wp--preset--spacing--30);flex-basis:50%\">\n<h2 class=\"wp-block-heading has-nv-text-dark-bg-color has-text-color\">No tengo muchos clientes.<\/h2>\n\n\n\n<p class=\"has-nv-text-dark-bg-color has-text-color\">Y estoy orgullosa de ello. \u00bfSabes por qu\u00e9?<\/p>\n\n\n\n<p class=\"has-nv-text-dark-bg-color has-text-color\">Porque, desde que empec\u00e9 como copywriter freelance, sigo trabajando con los clientes con los que empec\u00e9. <\/p>\n\n\n\n<p class=\"has-nv-site-bg-color has-text-color has-link-color wp-elements-d45de84dcfcf3e6680859758620a21cb\">He sumado clientes, claro, pero con todos ellos sigo la misma filosof\u00eda: establecer una relaci\u00f3n a largo plazo. <\/p>\n\n\n\n<p class=\"has-nv-site-bg-color has-text-color has-link-color wp-elements-4a2074e43e8b0a06c0a77d67196c34f7\">\u00bfPor qu\u00e9 he decidido trabajar as\u00ed? <\/p>\n\n\n\n<p class=\"has-nv-site-bg-color has-text-color has-link-color wp-elements-dc2531bca70e5fccf1d9de5f800ee418\">Porque trato de mimetizarme al m\u00e1ximo con los negocios de mis clientes, y eso requiere mucho tiempo, conocimiento y trabajo. <\/p>\n\n\n\n<p class=\"has-nv-site-bg-color has-text-color has-link-color wp-elements-c4a9da0b5d84a4e64aceff490f2efd64\">Una vez conozco su negocio como si fuera el m\u00edo, se crea un t\u00e1ndem perfecto para ambas partes. <\/p>\n\n\n\n<p class=\"has-nv-site-bg-color has-text-color has-link-color wp-elements-6781f58379475179fd31e98b2f201b2d\">Hay algo que siempre les repito desde que empiezo a trabajar con ellos: <\/p>\n\n\n\n<p class=\"has-nv-site-bg-color has-text-color has-link-color wp-elements-b155b6632a9860116815ca39a6d2e4d9\">PUEDES CONTAR CONMIGO.<\/p>\n\n\n\n<p class=\"has-nv-site-bg-color has-text-color has-link-color wp-elements-082c6068171e7a1644d7e66cb36d52ae\">No lo entiendo de otra forma. <\/p>\n\n\n\n<div style=\"height:20px\" aria-hidden=\"true\" class=\"wp-block-spacer\"><\/div>\n\n\n\n<div style=\"height:20px\" aria-hidden=\"true\" class=\"wp-block-spacer\"><\/div>\n<\/div>\n\n\n\n<div class=\"wp-block-column is-vertically-aligned-center is-layout-flow wp-block-column-is-layout-flow\" style=\"padding-right:var(--wp--preset--spacing--30);padding-left:var(--wp--preset--spacing--30);flex-basis:50%\">\n<figure class=\"wp-block-image size-full has-custom-border\"><img loading=\"lazy\" decoding=\"async\" width=\"960\" height=\"720\" src=\"https:\/\/paula-guerrero.es\/wp-content\/uploads\/2024\/08\/26904198_1490635511050265_2123233978225549085_n.jpg\" alt=\"\" class=\"wp-image-118\" style=\"border-radius:16px\" srcset=\"http:\/\/paula-guerrero.es\/wp-content\/uploads\/2024\/08\/26904198_1490635511050265_2123233978225549085_n.jpg 960w, http:\/\/paula-guerrero.es\/wp-content\/uploads\/2024\/08\/26904198_1490635511050265_2123233978225549085_n-300x225.jpg 300w, http:\/\/paula-guerrero.es\/wp-content\/uploads\/2024\/08\/26904198_1490635511050265_2123233978225549085_n-768x576.jpg 768w\" sizes=\"auto, (max-width: 960px) 100vw, 960px\" \/><\/figure>\n<\/div>\n<\/div>\n\n\n\n<div style=\"height:40px\" aria-hidden=\"true\" class=\"wp-block-spacer\"><\/div>\n<\/div><\/div>\n<\/div><\/div>\n\n\n\n<div class=\"wp-block-cover alignfull\" style=\"min-height:600px;aspect-ratio:unset;\"><span aria-hidden=\"true\" class=\"wp-block-cover__background has-nv-light-bg-background-color has-background-dim-100 has-background-dim\"><\/span><div class=\"wp-block-cover__inner-container is-layout-flow wp-block-cover-is-layout-flow\">\n<div class=\"wp-block-group\"><div class=\"wp-block-group__inner-container is-layout-flow wp-block-group-is-layout-flow\">\n<div style=\"height:80px\" aria-hidden=\"true\" class=\"wp-block-spacer\"><\/div>\n\n\n\n<div class=\"wp-block-columns is-layout-flex wp-container-core-columns-is-layout-9d6595d7 wp-block-columns-is-layout-flex\">\n<div class=\"wp-block-column is-layout-flow wp-block-column-is-layout-flow\" style=\"flex-basis:20%\">\n<div class=\"wp-block-group is-vertical is-content-justification-center is-layout-flex wp-container-core-group-is-layout-4b2eccd6 wp-block-group-is-layout-flex\"><\/div>\n<\/div>\n\n\n\n<div class=\"wp-block-column is-layout-flow wp-block-column-is-layout-flow\" style=\"flex-basis:60%\">\n<div class=\"wp-block-group is-vertical is-content-justification-center is-layout-flex wp-container-core-group-is-layout-4b2eccd6 wp-block-group-is-layout-flex\">\n<h2 class=\"wp-block-heading has-text-align-center has-neve-text-color-color has-text-color has-link-color wp-elements-4eb43cec09ee3b2bc1d16803b558f63d\">Mi equipo<\/h2>\n\n\n\n<p class=\"has-text-align-center has-neve-text-color-color has-text-color has-link-color wp-elements-ebd0e6a35e75c01c7234a493105deb79\">S\u00ed, lo s\u00e9, he dicho que soy copywriter freelance. Pero tambi\u00e9n he dicho que quiero que me conozcas, as\u00ed que te presento a mi equipo al completo.<\/p>\n\n\n\n<div style=\"height:0px\" aria-hidden=\"true\" class=\"wp-block-spacer wp-container-content-f9bd05ee\"><\/div>\n<\/div>\n<\/div>\n\n\n\n<div class=\"wp-block-column is-layout-flow wp-block-column-is-layout-flow\" style=\"flex-basis:20%\">\n<div class=\"wp-block-group is-vertical is-content-justification-center is-layout-flex wp-container-core-group-is-layout-4b2eccd6 wp-block-group-is-layout-flex\"><\/div>\n<\/div>\n<\/div>\n\n\n\n<div class=\"wp-block-columns is-layout-flex wp-container-core-columns-is-layout-9d6595d7 wp-block-columns-is-layout-flex\">\n<div class=\"wp-block-column is-layout-flow wp-block-column-is-layout-flow\" style=\"padding-right:var(--wp--preset--spacing--30);padding-left:var(--wp--preset--spacing--30)\"><div class=\"wp-block-image is-style-default\">\n<figure class=\"aligncenter size-large is-resized has-custom-border\"><img loading=\"lazy\" decoding=\"async\" width=\"768\" height=\"1024\" src=\"https:\/\/paula-guerrero.es\/wp-content\/uploads\/2024\/08\/Imagen-de-WhatsApp-2024-08-23-a-las-13.28.53_cf758869-768x1024.jpg\" alt=\"\" class=\"wp-image-66\" style=\"border-radius:16px;aspect-ratio:1;object-fit:cover;width:298px;height:auto\" srcset=\"http:\/\/paula-guerrero.es\/wp-content\/uploads\/2024\/08\/Imagen-de-WhatsApp-2024-08-23-a-las-13.28.53_cf758869-768x1024.jpg 768w, http:\/\/paula-guerrero.es\/wp-content\/uploads\/2024\/08\/Imagen-de-WhatsApp-2024-08-23-a-las-13.28.53_cf758869-225x300.jpg 225w, http:\/\/paula-guerrero.es\/wp-content\/uploads\/2024\/08\/Imagen-de-WhatsApp-2024-08-23-a-las-13.28.53_cf758869-1152x1536.jpg 1152w, http:\/\/paula-guerrero.es\/wp-content\/uploads\/2024\/08\/Imagen-de-WhatsApp-2024-08-23-a-las-13.28.53_cf758869.jpg 1536w\" sizes=\"auto, (max-width: 768px) 100vw, 768px\" \/><\/figure>\n<\/div>\n\n\n<div style=\"height:24px\" aria-hidden=\"true\" class=\"wp-block-spacer\"><\/div>\n\n\n\n<h3 class=\"wp-block-heading has-text-align-center has-neve-text-color-color has-text-color\">Paula Guerrero<\/h3>\n\n\n\n<p class=\"has-text-align-center has-neve-text-color-color has-text-color\">Copywriter y creadora de contenido<\/p>\n\n\n\n<div style=\"height:40px\" aria-hidden=\"true\" class=\"wp-block-spacer\"><\/div>\n<\/div>\n\n\n\n<div class=\"wp-block-column is-layout-flow wp-block-column-is-layout-flow\" style=\"padding-right:var(--wp--preset--spacing--30);padding-left:var(--wp--preset--spacing--30)\"><div class=\"wp-block-image is-style-default\">\n<figure class=\"aligncenter size-full is-resized has-custom-border\"><img loading=\"lazy\" decoding=\"async\" width=\"960\" height=\"1984\" src=\"https:\/\/paula-guerrero.es\/wp-content\/uploads\/2024\/08\/Imagen-de-WhatsApp-2024-08-23-a-las-13.28.02_dbc6bfb2.jpg\" alt=\"\" class=\"wp-image-67\" style=\"border-radius:16px;aspect-ratio:1;object-fit:cover;width:300px;height:auto\" srcset=\"http:\/\/paula-guerrero.es\/wp-content\/uploads\/2024\/08\/Imagen-de-WhatsApp-2024-08-23-a-las-13.28.02_dbc6bfb2.jpg 960w, http:\/\/paula-guerrero.es\/wp-content\/uploads\/2024\/08\/Imagen-de-WhatsApp-2024-08-23-a-las-13.28.02_dbc6bfb2-145x300.jpg 145w, http:\/\/paula-guerrero.es\/wp-content\/uploads\/2024\/08\/Imagen-de-WhatsApp-2024-08-23-a-las-13.28.02_dbc6bfb2-495x1024.jpg 495w, http:\/\/paula-guerrero.es\/wp-content\/uploads\/2024\/08\/Imagen-de-WhatsApp-2024-08-23-a-las-13.28.02_dbc6bfb2-768x1587.jpg 768w, http:\/\/paula-guerrero.es\/wp-content\/uploads\/2024\/08\/Imagen-de-WhatsApp-2024-08-23-a-las-13.28.02_dbc6bfb2-743x1536.jpg 743w\" sizes=\"auto, (max-width: 960px) 100vw, 960px\" \/><\/figure>\n<\/div>\n\n\n<div style=\"height:24px\" aria-hidden=\"true\" class=\"wp-block-spacer\"><\/div>\n\n\n\n<h3 class=\"wp-block-heading has-text-align-center has-neve-text-color-color has-text-color\">Turr\u00f3n<\/h3>\n\n\n\n<p class=\"has-text-align-center has-neve-text-color-color has-text-color\">Soporte emocional<\/p>\n\n\n\n<div style=\"height:40px\" aria-hidden=\"true\" class=\"wp-block-spacer\"><\/div>\n<\/div>\n<\/div>\n\n\n\n<div style=\"height:40px\" aria-hidden=\"true\" class=\"wp-block-spacer\"><\/div>\n<\/div><\/div>\n<\/div><\/div>\n","protected":false},"excerpt":{"rendered":"","protected":false},"author":1,"featured_media":0,"parent":0,"menu_order":0,"comment_status":"closed","ping_status":"closed","template":"","meta":{"neve_meta_sidebar":"","neve_meta_container":"","neve_meta_enable_content_width":"on","neve_meta_content_width":100,"neve_meta_title_alignment":"","neve_meta_author_avatar":"","neve_post_elements_order":"","neve_meta_disable_header":"","neve_meta_disable_footer":"","neve_meta_disable_title":"on","footnotes":""},"class_list":["post-11","page","type-page","status-publish","hentry"],"yoast_head":"<!-- This site is optimized with the Yoast SEO plugin v23.9 - https:\/\/yoast.com\/wordpress\/plugins\/seo\/ -->\n<title>\u25b7 Copywriter freelance: Sobre m\u00ed<\/title>\n<meta name=\"description\" content=\"Soy Paula Guerrero, consultora de comunicaci\u00f3n y copywriter freelance. Descubre cu\u00e1les son mis or\u00edgenes y mi filosof\u00eda de trabajo.\" \/>\n<meta name=\"robots\" content=\"index, follow, max-snippet:-1, max-image-preview:large, max-video-preview:-1\" \/>\n<link rel=\"canonical\" href=\"http:\/\/paula-guerrero.es\/index.php\/sobre-mi\/\" \/>\n<meta property=\"og:locale\" content=\"es_ES\" \/>\n<meta property=\"og:type\" content=\"article\" \/>\n<meta property=\"og:title\" content=\"\u25b7 Copywriter freelance: Sobre m\u00ed\" \/>\n<meta property=\"og:description\" content=\"Soy Paula Guerrero, consultora de comunicaci\u00f3n y copywriter freelance. Descubre cu\u00e1les son mis or\u00edgenes y mi filosof\u00eda de trabajo.\" \/>\n<meta property=\"og:url\" content=\"http:\/\/paula-guerrero.es\/index.php\/sobre-mi\/\" \/>\n<meta property=\"og:site_name\" content=\"Paula Guerrero\" \/>\n<meta property=\"article:modified_time\" content=\"2024-08-30T09:00:31+00:00\" \/>\n<meta property=\"og:image\" content=\"https:\/\/paula-guerrero.es\/wp-content\/uploads\/2024\/08\/Imagen-de-WhatsApp-2024-08-23-a-las-13.09.04_06b51a78.jpg\" \/>\n<meta name=\"twitter:card\" content=\"summary_large_image\" \/>\n<meta name=\"twitter:label1\" content=\"Tiempo de lectura\" \/>\n\t<meta name=\"twitter:data1\" content=\"3 minutos\" \/>\n<script type=\"application\/ld+json\" class=\"yoast-schema-graph\">{\"@context\":\"https:\/\/schema.org\",\"@graph\":[{\"@type\":\"WebPage\",\"@id\":\"http:\/\/paula-guerrero.es\/index.php\/sobre-mi\/\",\"url\":\"http:\/\/paula-guerrero.es\/index.php\/sobre-mi\/\",\"name\":\"\u25b7 Copywriter freelance: Sobre m\u00ed\",\"isPartOf\":{\"@id\":\"https:\/\/paula-guerrero.es\/#website\"},\"primaryImageOfPage\":{\"@id\":\"http:\/\/paula-guerrero.es\/index.php\/sobre-mi\/#primaryimage\"},\"image\":{\"@id\":\"http:\/\/paula-guerrero.es\/index.php\/sobre-mi\/#primaryimage\"},\"thumbnailUrl\":\"https:\/\/paula-guerrero.es\/wp-content\/uploads\/2024\/08\/Imagen-de-WhatsApp-2024-08-23-a-las-13.09.04_06b51a78.jpg\",\"datePublished\":\"2024-08-23T08:56:42+00:00\",\"dateModified\":\"2024-08-30T09:00:31+00:00\",\"description\":\"Soy Paula Guerrero, consultora de comunicaci\u00f3n y copywriter freelance. Descubre cu\u00e1les son mis or\u00edgenes y mi filosof\u00eda de trabajo.\",\"breadcrumb\":{\"@id\":\"http:\/\/paula-guerrero.es\/index.php\/sobre-mi\/#breadcrumb\"},\"inLanguage\":\"es\",\"potentialAction\":[{\"@type\":\"ReadAction\",\"target\":[\"http:\/\/paula-guerrero.es\/index.php\/sobre-mi\/\"]}]},{\"@type\":\"ImageObject\",\"inLanguage\":\"es\",\"@id\":\"http:\/\/paula-guerrero.es\/index.php\/sobre-mi\/#primaryimage\",\"url\":\"http:\/\/paula-guerrero.es\/wp-content\/uploads\/2024\/08\/Imagen-de-WhatsApp-2024-08-23-a-las-13.09.04_06b51a78.jpg\",\"contentUrl\":\"http:\/\/paula-guerrero.es\/wp-content\/uploads\/2024\/08\/Imagen-de-WhatsApp-2024-08-23-a-las-13.09.04_06b51a78.jpg\",\"width\":1536,\"height\":2048},{\"@type\":\"BreadcrumbList\",\"@id\":\"http:\/\/paula-guerrero.es\/index.php\/sobre-mi\/#breadcrumb\",\"itemListElement\":[{\"@type\":\"ListItem\",\"position\":1,\"name\":\"Portada\",\"item\":\"http:\/\/paula-guerrero.es\/\"},{\"@type\":\"ListItem\",\"position\":2,\"name\":\"Acerca de\"}]},{\"@type\":\"WebSite\",\"@id\":\"https:\/\/paula-guerrero.es\/#website\",\"url\":\"https:\/\/paula-guerrero.es\/\",\"name\":\"Paula Guerrero\",\"description\":\"Contenidos &amp; Copywriting\",\"publisher\":{\"@id\":\"https:\/\/paula-guerrero.es\/#\/schema\/person\/770d52ccb89e02bcdea0f8a7fa69a5a0\"},\"potentialAction\":[{\"@type\":\"SearchAction\",\"target\":{\"@type\":\"EntryPoint\",\"urlTemplate\":\"https:\/\/paula-guerrero.es\/?s={search_term_string}\"},\"query-input\":{\"@type\":\"PropertyValueSpecification\",\"valueRequired\":true,\"valueName\":\"search_term_string\"}}],\"inLanguage\":\"es\"},{\"@type\":[\"Person\",\"Organization\"],\"@id\":\"https:\/\/paula-guerrero.es\/#\/schema\/person\/770d52ccb89e02bcdea0f8a7fa69a5a0\",\"name\":\"admin\",\"image\":{\"@type\":\"ImageObject\",\"inLanguage\":\"es\",\"@id\":\"https:\/\/paula-guerrero.es\/#\/schema\/person\/image\/\",\"url\":\"https:\/\/paula-guerrero.es\/wp-content\/uploads\/2024\/08\/P-e1724778826870.png\",\"contentUrl\":\"https:\/\/paula-guerrero.es\/wp-content\/uploads\/2024\/08\/P-e1724778826870.png\",\"width\":299,\"height\":270,\"caption\":\"admin\"},\"logo\":{\"@id\":\"https:\/\/paula-guerrero.es\/#\/schema\/person\/image\/\"},\"sameAs\":[\"http:\/\/paula-guerrero.es\"]}]}<\/script>\n<!-- \/ Yoast SEO plugin. -->","yoast_head_json":{"title":"\u25b7 Copywriter freelance: Sobre m\u00ed","description":"Soy Paula Guerrero, consultora de comunicaci\u00f3n y copywriter freelance. Descubre cu\u00e1les son mis or\u00edgenes y mi filosof\u00eda de trabajo.","robots":{"index":"index","follow":"follow","max-snippet":"max-snippet:-1","max-image-preview":"max-image-preview:large","max-video-preview":"max-video-preview:-1"},"canonical":"http:\/\/paula-guerrero.es\/index.php\/sobre-mi\/","og_locale":"es_ES","og_type":"article","og_title":"\u25b7 Copywriter freelance: Sobre m\u00ed","og_description":"Soy Paula Guerrero, consultora de comunicaci\u00f3n y copywriter freelance. Descubre cu\u00e1les son mis or\u00edgenes y mi filosof\u00eda de trabajo.","og_url":"http:\/\/paula-guerrero.es\/index.php\/sobre-mi\/","og_site_name":"Paula Guerrero","article_modified_time":"2024-08-30T09:00:31+00:00","og_image":[{"url":"https:\/\/paula-guerrero.es\/wp-content\/uploads\/2024\/08\/Imagen-de-WhatsApp-2024-08-23-a-las-13.09.04_06b51a78.jpg"}],"twitter_card":"summary_large_image","twitter_misc":{"Tiempo de lectura":"3 minutos"},"schema":{"@context":"https:\/\/schema.org","@graph":[{"@type":"WebPage","@id":"http:\/\/paula-guerrero.es\/index.php\/sobre-mi\/","url":"http:\/\/paula-guerrero.es\/index.php\/sobre-mi\/","name":"\u25b7 Copywriter freelance: Sobre m\u00ed","isPartOf":{"@id":"https:\/\/paula-guerrero.es\/#website"},"primaryImageOfPage":{"@id":"http:\/\/paula-guerrero.es\/index.php\/sobre-mi\/#primaryimage"},"image":{"@id":"http:\/\/paula-guerrero.es\/index.php\/sobre-mi\/#primaryimage"},"thumbnailUrl":"https:\/\/paula-guerrero.es\/wp-content\/uploads\/2024\/08\/Imagen-de-WhatsApp-2024-08-23-a-las-13.09.04_06b51a78.jpg","datePublished":"2024-08-23T08:56:42+00:00","dateModified":"2024-08-30T09:00:31+00:00","description":"Soy Paula Guerrero, consultora de comunicaci\u00f3n y copywriter freelance. Descubre cu\u00e1les son mis or\u00edgenes y mi filosof\u00eda de trabajo.","breadcrumb":{"@id":"http:\/\/paula-guerrero.es\/index.php\/sobre-mi\/#breadcrumb"},"inLanguage":"es","potentialAction":[{"@type":"ReadAction","target":["http:\/\/paula-guerrero.es\/index.php\/sobre-mi\/"]}]},{"@type":"ImageObject","inLanguage":"es","@id":"http:\/\/paula-guerrero.es\/index.php\/sobre-mi\/#primaryimage","url":"http:\/\/paula-guerrero.es\/wp-content\/uploads\/2024\/08\/Imagen-de-WhatsApp-2024-08-23-a-las-13.09.04_06b51a78.jpg","contentUrl":"http:\/\/paula-guerrero.es\/wp-content\/uploads\/2024\/08\/Imagen-de-WhatsApp-2024-08-23-a-las-13.09.04_06b51a78.jpg","width":1536,"height":2048},{"@type":"BreadcrumbList","@id":"http:\/\/paula-guerrero.es\/index.php\/sobre-mi\/#breadcrumb","itemListElement":[{"@type":"ListItem","position":1,"name":"Portada","item":"http:\/\/paula-guerrero.es\/"},{"@type":"ListItem","position":2,"name":"Acerca de"}]},{"@type":"WebSite","@id":"https:\/\/paula-guerrero.es\/#website","url":"https:\/\/paula-guerrero.es\/","name":"Paula Guerrero","description":"Contenidos &amp; Copywriting","publisher":{"@id":"https:\/\/paula-guerrero.es\/#\/schema\/person\/770d52ccb89e02bcdea0f8a7fa69a5a0"},"potentialAction":[{"@type":"SearchAction","target":{"@type":"EntryPoint","urlTemplate":"https:\/\/paula-guerrero.es\/?s={search_term_string}"},"query-input":{"@type":"PropertyValueSpecification","valueRequired":true,"valueName":"search_term_string"}}],"inLanguage":"es"},{"@type":["Person","Organization"],"@id":"https:\/\/paula-guerrero.es\/#\/schema\/person\/770d52ccb89e02bcdea0f8a7fa69a5a0","name":"admin","image":{"@type":"ImageObject","inLanguage":"es","@id":"https:\/\/paula-guerrero.es\/#\/schema\/person\/image\/","url":"https:\/\/paula-guerrero.es\/wp-content\/uploads\/2024\/08\/P-e1724778826870.png","contentUrl":"https:\/\/paula-guerrero.es\/wp-content\/uploads\/2024\/08\/P-e1724778826870.png","width":299,"height":270,"caption":"admin"},"logo":{"@id":"https:\/\/paula-guerrero.es\/#\/schema\/person\/image\/"},"sameAs":["http:\/\/paula-guerrero.es"]}]}},"_links":{"self":[{"href":"http:\/\/paula-guerrero.es\/index.php\/wp-json\/wp\/v2\/pages\/11","targetHints":{"allow":["GET"]}}],"collection":[{"href":"http:\/\/paula-guerrero.es\/index.php\/wp-json\/wp\/v2\/pages"}],"about":[{"href":"http:\/\/paula-guerrero.es\/index.php\/wp-json\/wp\/v2\/types\/page"}],"author":[{"embeddable":true,"href":"http:\/\/paula-guerrero.es\/index.php\/wp-json\/wp\/v2\/users\/1"}],"replies":[{"embeddable":true,"href":"http:\/\/paula-guerrero.es\/index.php\/wp-json\/wp\/v2\/comments?post=11"}],"version-history":[{"count":6,"href":"http:\/\/paula-guerrero.es\/index.php\/wp-json\/wp\/v2\/pages\/11\/revisions"}],"predecessor-version":[{"id":120,"href":"http:\/\/paula-guerrero.es\/index.php\/wp-json\/wp\/v2\/pages\/11\/revisions\/120"}],"wp:attachment":[{"href":"http:\/\/paula-guerrero.es\/index.php\/wp-json\/wp\/v2\/media?parent=11"}],"curies":[{"name":"wp","href":"https:\/\/api.w.org\/{rel}","templated":true}]}}