{"id":132,"date":"2024-11-03T17:30:41","date_gmt":"2024-11-03T17:30:41","guid":{"rendered":"https:\/\/paula-guerrero.es\/?page_id=132"},"modified":"2024-11-03T17:30:42","modified_gmt":"2024-11-03T17:30:42","slug":"clientes","status":"publish","type":"page","link":"http:\/\/paula-guerrero.es\/index.php\/clientes\/","title":{"rendered":"Clientes"},"content":{"rendered":"\n<p>Mis clientes son mi mejor carta de presentaci\u00f3n. Por eso, a continuaci\u00f3n puedes ver algunas de las empresas y sectores profesionales a los que he ayudado a crecer en posicionamiento, reputaci\u00f3n y branding a trav\u00e9s de distintos contenidos y estrategias de comunicaci\u00f3n.<\/p>\n\n\n\n<div class=\"wp-block-columns is-layout-flex wp-container-core-columns-is-layout-9d6595d7 wp-block-columns-is-layout-flex\">\n<div class=\"wp-block-column is-layout-flow wp-block-column-is-layout-flow\">\n<figure class=\"wp-block-image\"><a href=\"https:\/\/gasmocion.com\/\" target=\"_blank\" rel=\"noreferrer noopener\"><img loading=\"lazy\" decoding=\"async\" width=\"300\" height=\"300\" src=\"https:\/\/paula-guerrero.es\/wp-content\/uploads\/2024\/11\/1.png\" alt=\"\" class=\"wp-image-137\" srcset=\"http:\/\/paula-guerrero.es\/wp-content\/uploads\/2024\/11\/1.png 300w, http:\/\/paula-guerrero.es\/wp-content\/uploads\/2024\/11\/1-150x150.png 150w\" sizes=\"auto, (max-width: 300px) 100vw, 300px\" \/><\/a><\/figure>\n<\/div>\n\n\n\n<div class=\"wp-block-column is-layout-flow wp-block-column-is-layout-flow\">\n<figure class=\"wp-block-image\"><a href=\"https:\/\/empia.org\/\" target=\"_blank\" rel=\"noreferrer noopener\"><img loading=\"lazy\" decoding=\"async\" width=\"300\" height=\"300\" src=\"https:\/\/paula-guerrero.es\/wp-content\/uploads\/2024\/11\/2.png\" alt=\"\" class=\"wp-image-138\" srcset=\"http:\/\/paula-guerrero.es\/wp-content\/uploads\/2024\/11\/2.png 300w, http:\/\/paula-guerrero.es\/wp-content\/uploads\/2024\/11\/2-150x150.png 150w\" sizes=\"auto, (max-width: 300px) 100vw, 300px\" \/><\/a><\/figure>\n<\/div>\n\n\n\n<div class=\"wp-block-column is-layout-flow wp-block-column-is-layout-flow\">\n<figure class=\"wp-block-image\"><a href=\"https:\/\/h2fusion.es\/\" target=\"_blank\" rel=\"noreferrer noopener\"><img loading=\"lazy\" decoding=\"async\" width=\"300\" height=\"300\" src=\"https:\/\/paula-guerrero.es\/wp-content\/uploads\/2024\/11\/3.png\" alt=\"\" class=\"wp-image-139\" srcset=\"http:\/\/paula-guerrero.es\/wp-content\/uploads\/2024\/11\/3.png 300w, http:\/\/paula-guerrero.es\/wp-content\/uploads\/2024\/11\/3-150x150.png 150w\" sizes=\"auto, (max-width: 300px) 100vw, 300px\" \/><\/a><\/figure>\n<\/div>\n<\/div>\n\n\n\n<div class=\"wp-block-columns is-layout-flex wp-container-core-columns-is-layout-9d6595d7 wp-block-columns-is-layout-flex\">\n<div class=\"wp-block-column is-layout-flow wp-block-column-is-layout-flow\">\n<figure class=\"wp-block-image size-full\"><a href=\"https:\/\/opostal.es\/\" target=\"_blank\" rel=\"noreferrer noopener\"><img loading=\"lazy\" decoding=\"async\" width=\"300\" height=\"300\" src=\"http:\/\/paula-guerrero.es\/wp-content\/uploads\/2024\/11\/Diseno-sin-titulo-2.png\" alt=\"\" class=\"wp-image-141\" srcset=\"http:\/\/paula-guerrero.es\/wp-content\/uploads\/2024\/11\/Diseno-sin-titulo-2.png 300w, http:\/\/paula-guerrero.es\/wp-content\/uploads\/2024\/11\/Diseno-sin-titulo-2-150x150.png 150w\" sizes=\"auto, (max-width: 300px) 100vw, 300px\" \/><\/a><\/figure>\n<\/div>\n\n\n\n<div class=\"wp-block-column is-layout-flow wp-block-column-is-layout-flow\">\n<figure class=\"wp-block-image size-full\"><a href=\"https:\/\/www.praxedo.es\/\" target=\"_blank\" rel=\"noreferrer noopener\"><img loading=\"lazy\" decoding=\"async\" width=\"300\" height=\"300\" src=\"https:\/\/paula-guerrero.es\/wp-content\/uploads\/2024\/11\/logos-clientes-1.png\" alt=\"\" class=\"wp-image-142\" srcset=\"http:\/\/paula-guerrero.es\/wp-content\/uploads\/2024\/11\/logos-clientes-1.png 300w, http:\/\/paula-guerrero.es\/wp-content\/uploads\/2024\/11\/logos-clientes-1-150x150.png 150w\" sizes=\"auto, (max-width: 300px) 100vw, 300px\" \/><\/a><\/figure>\n<\/div>\n\n\n\n<div class=\"wp-block-column is-layout-flow wp-block-column-is-layout-flow\">\n<figure class=\"wp-block-image size-full\"><a href=\"https:\/\/astrave.com\/\" target=\"_blank\" rel=\"noreferrer noopener\"><img loading=\"lazy\" decoding=\"async\" width=\"300\" height=\"300\" src=\"https:\/\/paula-guerrero.es\/wp-content\/uploads\/2024\/11\/logos-clientes-2.png\" alt=\"\" class=\"wp-image-143\" srcset=\"http:\/\/paula-guerrero.es\/wp-content\/uploads\/2024\/11\/logos-clientes-2.png 300w, http:\/\/paula-guerrero.es\/wp-content\/uploads\/2024\/11\/logos-clientes-2-150x150.png 150w\" sizes=\"auto, (max-width: 300px) 100vw, 300px\" \/><\/a><\/figure>\n<\/div>\n<\/div>\n\n\n\n<div class=\"wp-block-columns is-layout-flex wp-container-core-columns-is-layout-9d6595d7 wp-block-columns-is-layout-flex\">\n<div class=\"wp-block-column is-layout-flow wp-block-column-is-layout-flow\">\n<figure class=\"wp-block-image size-full\"><a href=\"https:\/\/solventia-solutions.es\/\" target=\"_blank\" rel=\"noreferrer noopener\"><img loading=\"lazy\" decoding=\"async\" width=\"300\" height=\"300\" src=\"https:\/\/paula-guerrero.es\/wp-content\/uploads\/2024\/11\/logos-clientes.png\" alt=\"\" class=\"wp-image-144\" srcset=\"http:\/\/paula-guerrero.es\/wp-content\/uploads\/2024\/11\/logos-clientes.png 300w, http:\/\/paula-guerrero.es\/wp-content\/uploads\/2024\/11\/logos-clientes-150x150.png 150w\" sizes=\"auto, (max-width: 300px) 100vw, 300px\" \/><\/a><\/figure>\n<\/div>\n\n\n\n<div class=\"wp-block-column is-layout-flow wp-block-column-is-layout-flow\">\n<figure class=\"wp-block-image size-full\"><a href=\"https:\/\/www.izertis.com\/es\/\" target=\"_blank\" rel=\"noreferrer noopener\"><img loading=\"lazy\" decoding=\"async\" width=\"300\" height=\"300\" src=\"https:\/\/paula-guerrero.es\/wp-content\/uploads\/2024\/11\/logos-clientes-3.png\" alt=\"\" class=\"wp-image-145\" srcset=\"http:\/\/paula-guerrero.es\/wp-content\/uploads\/2024\/11\/logos-clientes-3.png 300w, http:\/\/paula-guerrero.es\/wp-content\/uploads\/2024\/11\/logos-clientes-3-150x150.png 150w\" sizes=\"auto, (max-width: 300px) 100vw, 300px\" \/><\/a><\/figure>\n<\/div>\n\n\n\n<div class=\"wp-block-column is-layout-flow wp-block-column-is-layout-flow\">\n<figure class=\"wp-block-image size-full\"><a href=\"https:\/\/www.pardevalles.es\/\" target=\"_blank\" rel=\"noreferrer noopener\"><img loading=\"lazy\" decoding=\"async\" width=\"300\" height=\"300\" src=\"https:\/\/paula-guerrero.es\/wp-content\/uploads\/2024\/11\/logos-clientes-4.png\" alt=\"\" class=\"wp-image-146\" srcset=\"http:\/\/paula-guerrero.es\/wp-content\/uploads\/2024\/11\/logos-clientes-4.png 300w, http:\/\/paula-guerrero.es\/wp-content\/uploads\/2024\/11\/logos-clientes-4-150x150.png 150w\" sizes=\"auto, (max-width: 300px) 100vw, 300px\" \/><\/a><\/figure>\n<\/div>\n<\/div>\n\n\n\n<div class=\"wp-block-columns is-layout-flex wp-container-core-columns-is-layout-9d6595d7 wp-block-columns-is-layout-flex\">\n<div class=\"wp-block-column is-layout-flow wp-block-column-is-layout-flow\">\n<figure class=\"wp-block-image size-full\"><a href=\"https:\/\/www.vodafone.es\/c\/particulares\/es\/\" target=\"_blank\" rel=\"noreferrer noopener\"><img loading=\"lazy\" decoding=\"async\" width=\"300\" height=\"300\" src=\"https:\/\/paula-guerrero.es\/wp-content\/uploads\/2024\/11\/logos-clientes-5.png\" alt=\"\" class=\"wp-image-148\" srcset=\"http:\/\/paula-guerrero.es\/wp-content\/uploads\/2024\/11\/logos-clientes-5.png 300w, http:\/\/paula-guerrero.es\/wp-content\/uploads\/2024\/11\/logos-clientes-5-150x150.png 150w\" sizes=\"auto, (max-width: 300px) 100vw, 300px\" \/><\/a><\/figure>\n<\/div>\n\n\n\n<div class=\"wp-block-column is-layout-flow wp-block-column-is-layout-flow\">\n<figure class=\"wp-block-image size-full\"><a href=\"https:\/\/www.canon.es\/\" target=\"_blank\" rel=\"noreferrer noopener\"><img loading=\"lazy\" decoding=\"async\" width=\"300\" height=\"300\" src=\"https:\/\/paula-guerrero.es\/wp-content\/uploads\/2024\/11\/logos-clientes-6.png\" alt=\"\" class=\"wp-image-149\" srcset=\"http:\/\/paula-guerrero.es\/wp-content\/uploads\/2024\/11\/logos-clientes-6.png 300w, http:\/\/paula-guerrero.es\/wp-content\/uploads\/2024\/11\/logos-clientes-6-150x150.png 150w\" sizes=\"auto, (max-width: 300px) 100vw, 300px\" \/><\/a><\/figure>\n<\/div>\n\n\n\n<div class=\"wp-block-column is-layout-flow wp-block-column-is-layout-flow\">\n<figure class=\"wp-block-image size-full\"><a href=\"https:\/\/www.id-logistics.com\/es\/\" target=\"_blank\" rel=\"noreferrer noopener\"><img loading=\"lazy\" decoding=\"async\" width=\"300\" height=\"300\" src=\"https:\/\/paula-guerrero.es\/wp-content\/uploads\/2024\/11\/logos-clientes-7.png\" alt=\"\" class=\"wp-image-150\" srcset=\"http:\/\/paula-guerrero.es\/wp-content\/uploads\/2024\/11\/logos-clientes-7.png 300w, http:\/\/paula-guerrero.es\/wp-content\/uploads\/2024\/11\/logos-clientes-7-150x150.png 150w\" sizes=\"auto, (max-width: 300px) 100vw, 300px\" \/><\/a><\/figure>\n<\/div>\n<\/div>\n\n\n\n<p><\/p>\n","protected":false},"excerpt":{"rendered":"<p>Mis clientes son mi mejor carta de presentaci\u00f3n. Por eso, a continuaci\u00f3n puedes ver algunas de las empresas y sectores profesionales a los que he ayudado a crecer en posicionamiento, reputaci\u00f3n y branding a trav\u00e9s de distintos contenidos y estrategias de comunicaci\u00f3n.<\/p>\n","protected":false},"author":1,"featured_media":0,"parent":0,"menu_order":0,"comment_status":"closed","ping_status":"closed","template":"","meta":{"neve_meta_sidebar":"","neve_meta_container":"","neve_meta_enable_content_width":"","neve_meta_content_width":0,"neve_meta_title_alignment":"","neve_meta_author_avatar":"","neve_post_elements_order":"","neve_meta_disable_header":"","neve_meta_disable_footer":"","neve_meta_disable_title":"","footnotes":""},"class_list":["post-132","page","type-page","status-publish","hentry"],"yoast_head":"<!-- This site is optimized with the Yoast SEO plugin v23.9 - https:\/\/yoast.com\/wordpress\/plugins\/seo\/ -->\n<title>Clientes con los que he trabajado<\/title>\n<meta name=\"description\" content=\"Te ense\u00f1o algunos de los clientes con los que he trabajado distintas estrategias de comunicaci\u00f3n y contenidos de marca.\" \/>\n<meta name=\"robots\" content=\"index, follow, max-snippet:-1, max-image-preview:large, max-video-preview:-1\" \/>\n<link rel=\"canonical\" href=\"http:\/\/paula-guerrero.es\/index.php\/clientes\/\" \/>\n<meta property=\"og:locale\" content=\"es_ES\" \/>\n<meta property=\"og:type\" content=\"article\" \/>\n<meta property=\"og:title\" content=\"Clientes con los que he trabajado\" \/>\n<meta property=\"og:description\" content=\"Te ense\u00f1o algunos de los clientes con los que he trabajado distintas estrategias de comunicaci\u00f3n y contenidos de marca.\" \/>\n<meta property=\"og:url\" content=\"http:\/\/paula-guerrero.es\/index.php\/clientes\/\" \/>\n<meta property=\"og:site_name\" content=\"Paula Guerrero\" \/>\n<meta property=\"article:modified_time\" content=\"2024-11-03T17:30:42+00:00\" \/>\n<meta property=\"og:image\" content=\"https:\/\/paula-guerrero.es\/wp-content\/uploads\/2024\/11\/1.png\" \/>\n<meta name=\"twitter:card\" content=\"summary_large_image\" \/>\n<meta name=\"twitter:label1\" content=\"Tiempo de lectura\" \/>\n\t<meta name=\"twitter:data1\" content=\"3 minutos\" \/>\n<script type=\"application\/ld+json\" class=\"yoast-schema-graph\">{\"@context\":\"https:\/\/schema.org\",\"@graph\":[{\"@type\":\"WebPage\",\"@id\":\"http:\/\/paula-guerrero.es\/index.php\/clientes\/\",\"url\":\"http:\/\/paula-guerrero.es\/index.php\/clientes\/\",\"name\":\"Clientes con los que he trabajado\",\"isPartOf\":{\"@id\":\"https:\/\/paula-guerrero.es\/#website\"},\"primaryImageOfPage\":{\"@id\":\"http:\/\/paula-guerrero.es\/index.php\/clientes\/#primaryimage\"},\"image\":{\"@id\":\"http:\/\/paula-guerrero.es\/index.php\/clientes\/#primaryimage\"},\"thumbnailUrl\":\"https:\/\/paula-guerrero.es\/wp-content\/uploads\/2024\/11\/1.png\",\"datePublished\":\"2024-11-03T17:30:41+00:00\",\"dateModified\":\"2024-11-03T17:30:42+00:00\",\"description\":\"Te ense\u00f1o algunos de los clientes con los que he trabajado distintas estrategias de comunicaci\u00f3n y contenidos de marca.\",\"breadcrumb\":{\"@id\":\"http:\/\/paula-guerrero.es\/index.php\/clientes\/#breadcrumb\"},\"inLanguage\":\"es\",\"potentialAction\":[{\"@type\":\"ReadAction\",\"target\":[\"http:\/\/paula-guerrero.es\/index.php\/clientes\/\"]}]},{\"@type\":\"ImageObject\",\"inLanguage\":\"es\",\"@id\":\"http:\/\/paula-guerrero.es\/index.php\/clientes\/#primaryimage\",\"url\":\"http:\/\/paula-guerrero.es\/wp-content\/uploads\/2024\/11\/1.png\",\"contentUrl\":\"http:\/\/paula-guerrero.es\/wp-content\/uploads\/2024\/11\/1.png\",\"width\":300,\"height\":300},{\"@type\":\"BreadcrumbList\",\"@id\":\"http:\/\/paula-guerrero.es\/index.php\/clientes\/#breadcrumb\",\"itemListElement\":[{\"@type\":\"ListItem\",\"position\":1,\"name\":\"Portada\",\"item\":\"https:\/\/paula-guerrero.es\/\"},{\"@type\":\"ListItem\",\"position\":2,\"name\":\"Clientes\"}]},{\"@type\":\"WebSite\",\"@id\":\"https:\/\/paula-guerrero.es\/#website\",\"url\":\"https:\/\/paula-guerrero.es\/\",\"name\":\"Paula Guerrero\",\"description\":\"Contenidos &amp; Copywriting\",\"publisher\":{\"@id\":\"https:\/\/paula-guerrero.es\/#\/schema\/person\/770d52ccb89e02bcdea0f8a7fa69a5a0\"},\"potentialAction\":[{\"@type\":\"SearchAction\",\"target\":{\"@type\":\"EntryPoint\",\"urlTemplate\":\"https:\/\/paula-guerrero.es\/?s={search_term_string}\"},\"query-input\":{\"@type\":\"PropertyValueSpecification\",\"valueRequired\":true,\"valueName\":\"search_term_string\"}}],\"inLanguage\":\"es\"},{\"@type\":[\"Person\",\"Organization\"],\"@id\":\"https:\/\/paula-guerrero.es\/#\/schema\/person\/770d52ccb89e02bcdea0f8a7fa69a5a0\",\"name\":\"admin\",\"image\":{\"@type\":\"ImageObject\",\"inLanguage\":\"es\",\"@id\":\"https:\/\/paula-guerrero.es\/#\/schema\/person\/image\/\",\"url\":\"https:\/\/paula-guerrero.es\/wp-content\/uploads\/2024\/08\/P-e1724778826870.png\",\"contentUrl\":\"https:\/\/paula-guerrero.es\/wp-content\/uploads\/2024\/08\/P-e1724778826870.png\",\"width\":299,\"height\":270,\"caption\":\"admin\"},\"logo\":{\"@id\":\"https:\/\/paula-guerrero.es\/#\/schema\/person\/image\/\"},\"sameAs\":[\"http:\/\/paula-guerrero.es\"]}]}<\/script>\n<!-- \/ Yoast SEO plugin. -->","yoast_head_json":{"title":"Clientes con los que he trabajado","description":"Te ense\u00f1o algunos de los clientes con los que he trabajado distintas estrategias de comunicaci\u00f3n y contenidos de marca.","robots":{"index":"index","follow":"follow","max-snippet":"max-snippet:-1","max-image-preview":"max-image-preview:large","max-video-preview":"max-video-preview:-1"},"canonical":"http:\/\/paula-guerrero.es\/index.php\/clientes\/","og_locale":"es_ES","og_type":"article","og_title":"Clientes con los que he trabajado","og_description":"Te ense\u00f1o algunos de los clientes con los que he trabajado distintas estrategias de comunicaci\u00f3n y contenidos de marca.","og_url":"http:\/\/paula-guerrero.es\/index.php\/clientes\/","og_site_name":"Paula Guerrero","article_modified_time":"2024-11-03T17:30:42+00:00","og_image":[{"url":"https:\/\/paula-guerrero.es\/wp-content\/uploads\/2024\/11\/1.png"}],"twitter_card":"summary_large_image","twitter_misc":{"Tiempo de lectura":"3 minutos"},"schema":{"@context":"https:\/\/schema.org","@graph":[{"@type":"WebPage","@id":"http:\/\/paula-guerrero.es\/index.php\/clientes\/","url":"http:\/\/paula-guerrero.es\/index.php\/clientes\/","name":"Clientes con los que he trabajado","isPartOf":{"@id":"https:\/\/paula-guerrero.es\/#website"},"primaryImageOfPage":{"@id":"http:\/\/paula-guerrero.es\/index.php\/clientes\/#primaryimage"},"image":{"@id":"http:\/\/paula-guerrero.es\/index.php\/clientes\/#primaryimage"},"thumbnailUrl":"https:\/\/paula-guerrero.es\/wp-content\/uploads\/2024\/11\/1.png","datePublished":"2024-11-03T17:30:41+00:00","dateModified":"2024-11-03T17:30:42+00:00","description":"Te ense\u00f1o algunos de los clientes con los que he trabajado distintas estrategias de comunicaci\u00f3n y contenidos de marca.","breadcrumb":{"@id":"http:\/\/paula-guerrero.es\/index.php\/clientes\/#breadcrumb"},"inLanguage":"es","potentialAction":[{"@type":"ReadAction","target":["http:\/\/paula-guerrero.es\/index.php\/clientes\/"]}]},{"@type":"ImageObject","inLanguage":"es","@id":"http:\/\/paula-guerrero.es\/index.php\/clientes\/#primaryimage","url":"http:\/\/paula-guerrero.es\/wp-content\/uploads\/2024\/11\/1.png","contentUrl":"http:\/\/paula-guerrero.es\/wp-content\/uploads\/2024\/11\/1.png","width":300,"height":300},{"@type":"BreadcrumbList","@id":"http:\/\/paula-guerrero.es\/index.php\/clientes\/#breadcrumb","itemListElement":[{"@type":"ListItem","position":1,"name":"Portada","item":"https:\/\/paula-guerrero.es\/"},{"@type":"ListItem","position":2,"name":"Clientes"}]},{"@type":"WebSite","@id":"https:\/\/paula-guerrero.es\/#website","url":"https:\/\/paula-guerrero.es\/","name":"Paula Guerrero","description":"Contenidos &amp; Copywriting","publisher":{"@id":"https:\/\/paula-guerrero.es\/#\/schema\/person\/770d52ccb89e02bcdea0f8a7fa69a5a0"},"potentialAction":[{"@type":"SearchAction","target":{"@type":"EntryPoint","urlTemplate":"https:\/\/paula-guerrero.es\/?s={search_term_string}"},"query-input":{"@type":"PropertyValueSpecification","valueRequired":true,"valueName":"search_term_string"}}],"inLanguage":"es"},{"@type":["Person","Organization"],"@id":"https:\/\/paula-guerrero.es\/#\/schema\/person\/770d52ccb89e02bcdea0f8a7fa69a5a0","name":"admin","image":{"@type":"ImageObject","inLanguage":"es","@id":"https:\/\/paula-guerrero.es\/#\/schema\/person\/image\/","url":"https:\/\/paula-guerrero.es\/wp-content\/uploads\/2024\/08\/P-e1724778826870.png","contentUrl":"https:\/\/paula-guerrero.es\/wp-content\/uploads\/2024\/08\/P-e1724778826870.png","width":299,"height":270,"caption":"admin"},"logo":{"@id":"https:\/\/paula-guerrero.es\/#\/schema\/person\/image\/"},"sameAs":["http:\/\/paula-guerrero.es"]}]}},"_links":{"self":[{"href":"http:\/\/paula-guerrero.es\/index.php\/wp-json\/wp\/v2\/pages\/132","targetHints":{"allow":["GET"]}}],"collection":[{"href":"http:\/\/paula-guerrero.es\/index.php\/wp-json\/wp\/v2\/pages"}],"about":[{"href":"http:\/\/paula-guerrero.es\/index.php\/wp-json\/wp\/v2\/types\/page"}],"author":[{"embeddable":true,"href":"http:\/\/paula-guerrero.es\/index.php\/wp-json\/wp\/v2\/users\/1"}],"replies":[{"embeddable":true,"href":"http:\/\/paula-guerrero.es\/index.php\/wp-json\/wp\/v2\/comments?post=132"}],"version-history":[{"count":4,"href":"http:\/\/paula-guerrero.es\/index.php\/wp-json\/wp\/v2\/pages\/132\/revisions"}],"predecessor-version":[{"id":151,"href":"http:\/\/paula-guerrero.es\/index.php\/wp-json\/wp\/v2\/pages\/132\/revisions\/151"}],"wp:attachment":[{"href":"http:\/\/paula-guerrero.es\/index.php\/wp-json\/wp\/v2\/media?parent=132"}],"curies":[{"name":"wp","href":"https:\/\/api.w.org\/{rel}","templated":true}]}}